{"id":29,"date":"2025-02-05T07:55:29","date_gmt":"2025-02-05T07:55:29","guid":{"rendered":"https:\/\/sapaddons.ingold-dev.com\/ecommerce\/"},"modified":"2025-02-27T12:55:39","modified_gmt":"2025-02-27T12:55:39","slug":"ecommerce","status":"publish","type":"page","link":"https:\/\/sapaddons.ingold-dev.com\/en\/ecommerce\/","title":{"rendered":"Ecommerce"},"content":{"rendered":"\t\t<div data-elementor-type=\"wp-page\" data-elementor-id=\"29\" class=\"elementor elementor-29 elementor-18\">\n\t\t\t\t<div class=\"elementor-element elementor-element-5e6268b e-flex e-con-boxed e-con e-parent\" data-id=\"5e6268b\" data-element_type=\"container\">\n\t\t\t\t\t<div class=\"e-con-inner\">\n\t\t<div class=\"elementor-element elementor-element-1dbaa21 e-con-full e-flex e-con e-child\" data-id=\"1dbaa21\" data-element_type=\"container\">\n\t\t\t\t<div class=\"elementor-element elementor-element-367849f elementor-widget elementor-widget-html\" data-id=\"367849f\" data-element_type=\"widget\" data-widget_type=\"html.default\">\n\t\t\t\t<div class=\"elementor-widget-container\">\n\t\t\t\t\t<section class=\"service_top_section pb-3\">\r\n        <div class=\"container\">\r\n            <div class=\"row\">\r\n                <div class=\"col-lg-6\">\r\n                    <div class=\"left\">\r\n                        <div class=\"addon_logo\"><img decoding=\"async\" src=\"https:\/\/sapaddons.ingold-dev.com\/wp-content\/uploads\/2025\/02\/ecommerce-icon-1.png\"><\/div>\r\n                        <h1>E-Commerce Add-on f\u00fcr SAP Business One<\/h1>\r\n                        <div class=\"single_btn\"><a href=\"javaScript:void(0)\" data-bs-toggle=\"modal\"\r\n                                data-bs-target=\"#request_demo_modal\" class=\"outline_black\">Kostenlose Demo<\/a><\/div>\r\n                        <ul class=\"mt-md-5 mt-4\">\r\n                            <li>Onlineshop-Anbindung f\u00fcr Magento, Shopify, Shopware und WooCommerce<\/li>\r\n                            <li>Echtzeit-Synchronisation<\/li>\r\n                            <li>F\u00fcr SQL und HANA ab SBO Version 9.3<\/li>\r\n                            <li>Implementierung direkt in SAP Business One, ohne den Einsatz von\r\n                                Middleware-Schnittstellen<\/li>\r\n                        <\/ul>\r\n                        <div class=\"service_logo d-lg-block d-none\">\r\n                            <span><img decoding=\"async\" src=\"https:\/\/sapaddons.ingold-dev.com\/wp-content\/uploads\/2025\/02\/saphana.png\" alt=\"SAP Business One\"><\/span>\r\n                            <span><img decoding=\"async\" src=\"https:\/\/sapaddons.ingold-dev.com\/wp-content\/uploads\/2025\/02\/sap-partner-edge.png\" alt=\"SAP Business One\"><\/span>\r\n                        <\/div>\r\n                    <\/div>\r\n                <\/div>\r\n                <div class=\"col-lg-6 ps-lg-5\">\r\n                    <div class=\"addon_table_box\">\r\n                        <h4>Unsere Add-ons sind als Kaufoption (On-Premise) oder als Mietl\u00f6sung (Cloud) erh\u00e4ltlich \u2013\r\n                            beide Optionen sind f\u00fcr jede SAP-Umgebung, ob lokal oder in der Cloud, verf\u00fcgbar.<\/h4>\r\n                        <h5>On-Premise Version E-Commerce Add-on f\u00fcr HANA oder SQL<\/h5>\r\n                        <div class=\"table-responsive\">\r\n                            <table class=\"table\">\r\n                                <tr>\r\n                                    <td>Unternehmenslizenz(eine Datenbank, ein Onlineshop)<\/td>\r\n                                    <td class=\"price\">3.200 \u20ac einmalig<\/td>\r\n                                <\/tr>\r\n                                <tr>\r\n                                    <td>Installationsgeb\u00fchren<\/td>\r\n                                    <td class=\"price\">750 \u20ac einmalig<\/td>\r\n                                <\/tr>\r\n                                <tr>\r\n                                    <td>Support und Wartung,Basierend auf dem Lizenzgesamtwert<\/td>\r\n                                    <td class=\"price\">20% j\u00e4hrlich<\/td>\r\n                                <\/tr>\r\n                            <\/table>\r\n                        <\/div>\r\n                        <h5>Cloud VersionE-Commerce Add-on f\u00fcr HANA oder SQL<\/h5>\r\n                        <div class=\"table-responsive\">\r\n                            <table class=\"table\">\r\n                                <tr>\r\n                                    <td>Unternehmenslizenz (eine Datenbank, ein Onlineshop)<\/td>\r\n                                    <td class=\"price\">130 \u20ac monatlich<\/td>\r\n                                <\/tr>\r\n                                <tr>\r\n                                    <td>Installationsgeb\u00fchren<\/td>\r\n                                    <td class=\"price\">750 \u20ac einmalig<\/td>\r\n                                <\/tr>\r\n                                <tr>\r\n                                    <td>Support und Wartung,Basierend auf dem Lizenzgesamtwert<\/td>\r\n                                    <td class=\"price\"><\/td>\r\n                                <\/tr>\r\n\r\n                            <\/table>\r\n                        <\/div>\r\n                        <div class=\"text_wrapper\">\r\n                            <h4>Preisliste fur B2C und D2C Onlineshops. B2B Preisliste (nur fur Magento) auf Anfrage erh\u00e4ltlich.<\/h4>\r\n                        <\/div>\r\n                            <div class=\"single_btn\">\r\n                                <a href=\"javaScript:void(0)\" data-bs-toggle=\"modal\"\r\n                                    data-bs-target=\"#request_demo_modal\">Kostenlose Demo erhalten<\/a>\r\n                                <a href=\"javaScript:void(0)\" data-bs-toggle=\"modal\" data-bs-target=\"#request_pdf_modal\" class=\"outline ms-1\">PDF-Pr\u00e4sentation herunterladen<\/a>\r\n                            <\/div>\r\n                    <\/div>\r\n                <\/div>\r\n            <\/div>\r\n            <div class=\"logo_area text-center d-lg-none mt-3\">\r\n                <span><img decoding=\"async\" src=\"https:\/\/sapaddons.ingold-dev.com\/wp-content\/uploads\/2025\/02\/SAP_certified.png\" alt=\"SAP Business One\"><\/span>\r\n                <span class=\"ms-1\"><img decoding=\"async\" src=\"https:\/\/sapaddons.ingold-dev.com\/wp-content\/uploads\/2025\/02\/sap-partner-edge.png\" alt=\"SAP Business One\"><\/span>\r\n            <\/div>\r\n            <div class=\"text_wrapper pt-4 mt-4 border-top\">\r\n                <h3>E-Commerce Add-on<\/h3>\r\n                <p>Das Ingold E-Commerce Add-on sorgt f\u00fcr die Echtzeit-\u00dcbertragung und Synchronisation von Kunden-,\r\n                    Bestell- und Artikeldaten zwischen Ihrem Onlineshop und SAP Business One. Das Add-on kann f\u00fcr einen\r\n                    bestehenden Onlineshop implementiert oder als Teil der E-Commerce Suite - einer Komplettl\u00f6sung aus\r\n                    SAP-Integration, Webshop und Hosting - direkt bei uns gebucht werden. Erg\u00e4nzend bieten wir auch eine\r\n                    passende App an.<\/p>\r\n            <\/div>\r\n        <\/div>\r\n    <\/section>\r\n\r\n    <section>\r\n        <div class=\"text_wrapper light_blue_bg py-3 mb-4\">\r\n            <div class=\"container\">\r\n                <h3 class=\"mb-0\">Unterst\u00fctzte E-Commerce-Plattformen:<\/h3>\r\n            <\/div>\r\n        <\/div>\r\n        <div class=\"container\">\r\n            <div class=\"platform_section pb-4\">\r\n                <div class=\"item\">\r\n                    <a href=\"#\" class=\"platform_box\">\r\n                        <img decoding=\"async\" src=\"https:\/\/sapaddons.ingold-dev.com\/wp-content\/uploads\/2025\/02\/magento.svg\">\r\n                    <\/a>\r\n                <\/div>\r\n                <div class=\"item\">\r\n                    <a href=\"#\" class=\"platform_box\">\r\n                        <img decoding=\"async\" src=\"https:\/\/sapaddons.ingold-dev.com\/wp-content\/uploads\/2025\/02\/shopify-logo-black.svg\">\r\n                    <\/a>\r\n                <\/div>\r\n                <div class=\"item\">\r\n                    <a href=\"#\" class=\"platform_box\">\r\n                        <img decoding=\"async\" src=\"https:\/\/sapaddons.ingold-dev.com\/wp-content\/uploads\/2025\/02\/woocommerce-logo-orginal.svg\">\r\n                    <\/a>\r\n                <\/div>\r\n                <div class=\"item\">\r\n                    <a href=\"#\" class=\"platform_box\">\r\n                        <img decoding=\"async\" src=\"https:\/\/sapaddons.ingold-dev.com\/wp-content\/uploads\/2025\/02\/shopware_logo.svg\">\r\n                    <\/a>\r\n                <\/div>\r\n            <\/div>\r\n        <\/div>\r\n    <\/section>\r\n\r\n    <section class=\"pt-4\">\r\n        <div class=\"container\">\r\n            <div class=\"text_wrapper text-center\">\r\n                <h2>Sie haben bereits einen Onlineshop?<\/h2>\r\n                <h4 class=\"font_normal\">Wir verbinden Ihre E-Commerce-Plattform direkt mit Ihrem SAP-System<\/h4>\r\n            <\/div>\r\n\r\n            <div class=\"e-commerce-platform-container\">\r\n                <div class=\"container\">\r\n                    <div class=\"column\">\r\n                        <strong>\r\n                            <p>Ihr bestehender<\/p>\r\n                            <p>Webshop<\/p>\r\n                        <\/strong>\r\n                        <p>Sie stellen uns die Zugangsdaten bereit,und wir \u00fcbernehmen den Rest.<\/p>\r\n                    <\/div>\r\n                    <div class=\"plus-container position-relative\">\r\n                        <div class=\"plus\">+<\/div>\r\n                    <\/div>\r\n                    <div class=\"column\">\r\n                        <strong>\r\n                            <p>E-Commerce Add-on f\u00fcr SAP<\/p>\r\n                            <p>Business One<\/p>\r\n                        <\/strong>\r\n                        <p>Perfekt in Ihre SAP-Umgebung integriert,optimal an Ihren Onlineshop angebunden\r\n                            und auf\r\n                            Ihre Anforderungen abgestimmt.\r\n                        <\/p>\r\n                    <\/div>\r\n                <\/div>\r\n            <\/div>\r\n\r\n            <div class=\"text_wrapper text-center mt-md-5 mt-4 pt-md-5 pt-4 border-top\">\r\n                <h2>Sie ben\u00f6tigen einen neuen Onlineshop?<\/h2>\r\n                <h4 class=\"font_normal\">Unsere E-Commerce Suite f\u00fcr SAP Business One bietet Ihnen eine umfassende Komplettl\u00f6sung.<\/h4>\r\n            <\/div>\r\n\r\n            <div class=\"e-commerce-platform-container\" style=\"border: none;\">\r\n                <div class=\"container\">\r\n                    <div class=\"column\">\r\n                        <strong>\r\n                            <p>Onlineshop<\/p>\r\n                        <\/strong>\r\n                        <p>Entwickelt von unserem internen Web Development-Team, wahlweise mit Schnellvorlagen oder\r\n                            als individuelles Projekt.<\/p>\r\n                    <\/div>\r\n                    <div class=\"plus-container position-relative\">\r\n                        <div class=\"plus\">+<\/div>\r\n                    <\/div>\r\n                    <div class=\"column\">\r\n                        <strong>\r\n                            <p>Domain- und Webhosting<\/p>\r\n                        <\/strong>\r\n                        <p>Direkt bei uns buchbar, Webhosting in einem deutschen Rechenzentrum.<\/p>\r\n                    <\/div>\r\n                    <div class=\"plus-container position-relative\">\r\n                        <div class=\"plus\">+<\/div>\r\n                    <\/div>\r\n                    <div class=\"column\">\r\n                        <strong>\r\n                            <p>E-Commerce Add-on f\u00fcr SAP Business One<\/p>\r\n                        <\/strong>\r\n                        <p>Unser vielseitiges Add-on, vollst\u00e4ndig in Ihre SAP-Umgebung integriert und direkt an den\r\n                            neuen Onlineshop angebunden.<\/p>\r\n                    <\/div>\r\n                <\/div>\r\n\r\n            <\/div>\r\n\r\n        <\/div>\r\n    <\/section>\r\n\r\n    <section>\r\n        <div class=\"container\">\r\n            <div class=\"row justify-content-center\">\r\n                <div class=\"col-lg-12\">\r\n                    <div class=\"video_wrapper mt-md-5 mt-4\"><iframe\r\n                            src=\"https:\/\/www.youtube.com\/embed\/pqlI57l_JD4?&amp;loop=1&amp;playlist=pqlI57l_JD4&amp;rel=0&amp;controls=1&amp;autoplay=1&amp;mute=1&amp;start=0\"\r\n                            frameborder=\"0\" allow=\"autoplay; encrypted-media\" allowfullscreen=\"\"\r\n                            title=\"Ingold Solutions Multibank-Schnittstelle f\u00fcr SAP Business One\"\r\n                            data-lf-form-tracking-inspected-laxoeakg5y1aoygd=\"true\"\r\n                            data-lf-yt-playback-inspected-laxoeakg5y1aoygd=\"true\"\r\n                            data-lf-vimeo-playback-inspected-laxoeakg5y1aoygd=\"true\"><\/iframe><\/div>\r\n                <\/div>\r\n            <\/div>\r\n        <\/div>\r\n    <\/section>\r\n\r\n    <section class=\"pt-5 pb-5 mt-5 blue_bg2\">\r\n        <div class=\"container\">\r\n            <div class=\"text_wrapper white_text\">\r\n                <h2>Das Ingold E-Commerce Add-on f\u00fcr SAP Business One \u2013 <br>Automatisiert, Skalierbar, Zukunftssicher<\/h2>\r\n                <h3 class=\"title_border_right\"><span>Kernfunktionen:<\/span><\/h3>\r\n                <ul class=\"column2_list\">\r\n                    <li>Automatische \u00dcbertragung von Kunden- und Bestelldaten<\/li>\r\n                    <li>Synchronisation der Artikelstammdaten<\/li>\r\n                    <li>Echtzeit-\u00dcbertragung der Lagerbest\u00e4nde zur Vermeidung von Engp\u00e4ssen und \u00dcberverk\u00e4ufen<\/li>\r\n                    <li>Automatische Preisaktualisierungen, inklusive Rabatten<\/li>\r\n                    <li>Planung von Datensynchronisierung f\u00fcr vollautomatisierte Abl\u00e4ufe<\/li>\r\n                    <li>Fehler\u00fcberwachung und Re-Synchronisierung zur effizienten Problembehebung<\/li>\r\n                <\/ul>\r\n            <\/div>\r\n        <\/div>\r\n    <\/section>\r\n\r\n     <section class=\"pt-md-5 pt-4\">\r\n         <div class=\"container\">\r\n             <div class=\"text_wrapper mb-md-5 mb-4\">\r\n                <h2 class=\"title_border_right\"><span>Ihre Vorteile<\/span><\/h2>\r\n            <\/div>\r\n            <div class=\"advantages_list\">\r\n                <ul>\r\n                    <li>\r\n                        <span class=\"icon\"><img decoding=\"async\" src=\"https:\/\/sapaddons.ingold-dev.com\/wp-content\/uploads\/2025\/02\/puzzle-svg-icon.svg\"><\/span>\r\n                        <p>Schnelle Integration direkt in SAP B1 \u2013ohne zus\u00e4tzliche  Middleware<\/p>\r\n                    <\/li>\r\n                    <li>\r\n                        <span class=\"icon\"><img decoding=\"async\" src=\"https:\/\/sapaddons.ingold-dev.com\/wp-content\/uploads\/2025\/02\/database-icon.svg\"><\/span>\r\n                        <p>Verl\u00e4ssliche Datenbasis f\u00fcr fundierte Entscheidungen<\/p>\r\n                    <\/li>\r\n                    <li>\r\n                        <span class=\"icon\"><img decoding=\"async\" src=\"https:\/\/sapaddons.ingold-dev.com\/wp-content\/uploads\/2025\/02\/database-svg-icon-1.svg\"><\/span>\r\n                        <p>Reduzierung manueller Dateneingaben, geringeres Fehlerrisiko<\/p>\r\n                    <\/li>\r\n                    <li>\r\n                        <span class=\"icon\"><img decoding=\"async\" src=\"https:\/\/sapaddons.ingold-dev.com\/wp-content\/uploads\/2025\/02\/scale-icon.svg\"><\/span>\r\n                        <p>Skalierbarkeit ohne zus\u00e4tzliche Komplexit\u00e4t<\/p>\r\n                    <\/li>\r\n                    <li>\r\n                        <span class=\"icon\"><img decoding=\"async\" src=\"https:\/\/sapaddons.ingold-dev.com\/wp-content\/uploads\/2025\/02\/clock-svg-icon.svg\"><\/span>\r\n                        <p>Zeitersparnis durch Automatisierung wiederkehrender Aufgaben<\/p>\r\n                    <\/li>\r\n                    <li>\r\n                        <span class=\"icon\"><img decoding=\"async\" src=\"https:\/\/sapaddons.ingold-dev.com\/wp-content\/uploads\/2025\/02\/link-icon-2.svg\"><\/span>\r\n                        <p>Reibungslose Verbindung von Vertriebskan\u00e4len und Backoffice f\u00fcr h\u00f6here Produktivit\u00e4t<\/p>\r\n                    <\/li>\r\n                    <li>\r\n                        <span class=\"icon\"><img decoding=\"async\" src=\"https:\/\/sapaddons.ingold-dev.com\/wp-content\/uploads\/2025\/02\/order-icon.svg\"><\/span>\r\n                        <p>Echtzeit-Bestandsupdates und zuverl\u00e4ssige Auftragsabwicklung<\/p>\r\n                    <\/li>\r\n                <\/ul>\r\n            <\/div>\r\n\r\n            <div class=\"text_wrapper text-center mt-4 pt-4 border-top\">\r\n                <h2>Zertifizierte Add-ons, Plugins und Erweiterungen f\u00fcr SAP Business One.<\/h2>\r\n                <h4 class=\"font_normal\">Als offizieller SAP PartnerEdge Build Partner bieten wir spezialisierte Erweiterungen, Expertise und zuverl\u00e4ssigen Support.<\/h4>\r\n            <\/div>\r\n            <div class=\"row justify-content-center mt-4\">\r\n                <div class=\"col-12\"><img decoding=\"async\" src=\"https:\/\/sapaddons.ingold-dev.com\/wp-content\/uploads\/2025\/02\/sap-partner-img-with-bg.jpg\" alt=\"\"><\/div>\r\n            <\/div>\r\n            <div class=\"row justify-content-center mt-4\">\r\n                <div class=\"col-lg-4\">\r\n                    <div class=\"addon_text_card\">\r\n                        <h4>Sind Sie ein SAP-Partner?<\/h4>\r\n                        <p>Wir freuen uns, Sie in unser Partnerprogramm aufzunehmen und unterst\u00fctzen Sie gerne bei Ihrem Kundenprojekt.<\/p>\r\n                    <\/div>\r\n                <\/div>\r\n                <div class=\"col-lg-4\">\r\n                    <div class=\"addon_text_card\">\r\n                        <h4>Sind sie ein SAP-Nutzer?<\/h4>\r\n                        <p>Fragen Sie Ihren SAP-Partner nach unseren Add-ons, die schnell und einfach in Ihre SAP Business One Umgebung integriert werden k\u00f6nnen.<\/p>\r\n                    <\/div>\r\n                <\/div>\r\n            <\/div>\r\n         <\/div>\r\n     <\/section>\r\n\r\n     <section class=\"pt-md-5 pt-4 pb-md-5 pb-4\">\r\n        <div class=\"container\">\r\n            <div class=\"help_section\">\r\n                <p class=\"help_text\">Wie k\u00f6nnen wir helfen?<\/p>\r\n                <div class=\"buttons single_btn\">\r\n                    <a href=\"javaScript:void(0)\" data-bs-toggle=\"modal\" data-bs-target=\"#request_demo_modal1\" class=\"\"><i class=\"fa-solid fa-arrow-right\"><\/i> Demo-Link anfordern<\/a>\r\n                <a href=\"javaScript:void(0)\" data-bs-toggle=\"modal\" data-bs-target=\"#request_demo_modal2\" class=\"\"><i class=\"fa-solid fa-arrow-right\"><\/i> Kostenlose Beratung buchen<\/a>\r\n                <a href=\"javaScript:void(0)\" data-bs-toggle=\"modal\" data-bs-target=\"#request_demo_modal3\" class=\"\"><i class=\"fa-solid fa-arrow-right\"><\/i> SBO gratis testen<\/a>\r\n                <\/div>\r\n            <\/div>\r\n        <\/div>\r\n    <\/section>\r\n\r\n    <section class=\"blue_bg pt-5 pb-5\">\r\n        <div class=\"container\">\r\n            <div class=\"row align-items-center\">\r\n               <div class=\"col-md-7\">\r\n                   <div class=\"text_wrapper white_text text-md-start text-center\">\r\n                       <h2 class=\"mb-2\">SAP-zertifizierte L\u00f6sungen<\/h2>\r\n                       <p class=\"m-0\">Als offizieller SAP PartnerEdge Build Partner bieten wir spezialisierte Erweiterungen, Expertise und zuverl\u00e4ssigen Support.<\/p>\r\n                   <\/div> \r\n               <\/div>\r\n               <div class=\"col-md-5 text-md-end text-center mt-md-0 mt-4\">\r\n                   <div class=\"img_bg_round\"><img decoding=\"async\" src=\"https:\/\/sapaddons.ingold-dev.com\/wp-content\/uploads\/2025\/02\/sap-partner-edge.png\">\r\n               <\/div>\r\n            <\/div>\r\n        <\/div>\r\n    <\/section>\r\n\r\n    <section class=\"pt-md-5 pt-3 pb-md-5 pb-3\">\r\n        <div class=\"container\">\r\n            <div class=\"row justify-content-center\">\r\n                <div class=\"col-md-6 col-lg-4\">\r\n                    <div class=\"solution_box\">\r\n                        <img decoding=\"async\" src=\"https:\/\/sapaddons.ingold-dev.com\/wp-content\/uploads\/2025\/02\/testimony-one.png\" alt=\"Zertifizierte L\u00f6sung\">\r\n                        <h4>Unsere L\u00f6sungen auf SAP Certified Solutions Directory<\/h4>\r\n                        <div class=\"single_btn mt-3\"><a href=\"https:\/\/www.sap.com\/dmc\/exp\/2013_09_adpd\/enEN\/#\/solutions?search=ingold\" target=\"_blank\" class=\"orange_btn\">Jetzt ansehen<\/a><\/div>\r\n                    <\/div>\r\n                <\/div>\r\n                <div class=\"col-md-6 col-lg-4\">\r\n                    <div class=\"solution_box\">\r\n                        <img decoding=\"async\" src=\"https:\/\/sapaddons.ingold-dev.com\/wp-content\/uploads\/2025\/02\/testimony-3.png\" alt=\"Zertifizierte L\u00f6sung\">\r\n                        <h4>Unsere Add-ons im offiziellen SAP Store<\/h4>\r\n                        <div class=\"single_btn mt-3\"><a href=\"#\" class=\"orange_btn\">Store besuchen<\/a><\/div>\r\n                    <\/div>\r\n                <\/div>\r\n            <\/div>\r\n        <\/div>\r\n    <\/section> \r\n\t\t\t\t<\/div>\n\t\t\t\t<\/div>\n\t\t\t\t<\/div>\n\t\t\t\t\t<\/div>\n\t\t\t\t<\/div>\n\t\t\t\t<\/div>\n\t\t","protected":false},"excerpt":{"rendered":"<p>E-Commerce Add-on f\u00fcr SAP Business One Kostenlose Demo Onlineshop-Anbindung f\u00fcr Magento, Shopify, Shopware und WooCommerce Echtzeit-Synchronisation F\u00fcr SQL und HANA ab SBO Version 9.3 Implementierung direkt in SAP Business One, ohne den Einsatz von Middleware-Schnittstellen Unsere Add-ons sind als Kaufoption (On-Premise) oder als Mietl\u00f6sung (Cloud) erh\u00e4ltlich \u2013 beide Optionen sind f\u00fcr jede SAP-Umgebung, ob lokal [&hellip;]<\/p>\n","protected":false},"author":1,"featured_media":0,"parent":0,"menu_order":0,"comment_status":"closed","ping_status":"closed","template":"","meta":{"inline_featured_image":false,"footnotes":""},"class_list":["post-29","page","type-page","status-publish","hentry"],"_links":{"self":[{"href":"https:\/\/sapaddons.ingold-dev.com\/en\/wp-json\/wp\/v2\/pages\/29","targetHints":{"allow":["GET"]}}],"collection":[{"href":"https:\/\/sapaddons.ingold-dev.com\/en\/wp-json\/wp\/v2\/pages"}],"about":[{"href":"https:\/\/sapaddons.ingold-dev.com\/en\/wp-json\/wp\/v2\/types\/page"}],"author":[{"embeddable":true,"href":"https:\/\/sapaddons.ingold-dev.com\/en\/wp-json\/wp\/v2\/users\/1"}],"replies":[{"embeddable":true,"href":"https:\/\/sapaddons.ingold-dev.com\/en\/wp-json\/wp\/v2\/comments?post=29"}],"version-history":[{"count":11,"href":"https:\/\/sapaddons.ingold-dev.com\/en\/wp-json\/wp\/v2\/pages\/29\/revisions"}],"predecessor-version":[{"id":1083,"href":"https:\/\/sapaddons.ingold-dev.com\/en\/wp-json\/wp\/v2\/pages\/29\/revisions\/1083"}],"wp:attachment":[{"href":"https:\/\/sapaddons.ingold-dev.com\/en\/wp-json\/wp\/v2\/media?parent=29"}],"curies":[{"name":"wp","href":"https:\/\/api.w.org\/{rel}","templated":true}]}}